{"id":2,"date":"2026-02-06T19:17:43","date_gmt":"2026-02-06T18:17:43","guid":{"rendered":"http:\/\/mtcinwestycje.pl\/?page_id=2"},"modified":"2026-02-07T13:36:47","modified_gmt":"2026-02-07T12:36:47","slug":"info","status":"publish","type":"page","link":"https:\/\/mtcinwestycje.pl\/?page_id=2","title":{"rendered":"MTC"},"content":{"rendered":"\n<div class=\"wp-block-group alignfull has-accent-background-color has-background has-global-padding is-layout-constrained wp-container-core-group-is-layout-669513ed wp-block-group-is-layout-constrained\" style=\"margin-top:0;margin-bottom:0;padding-top:var(--wp--preset--spacing--50);padding-right:var(--wp--preset--spacing--50);padding-bottom:var(--wp--preset--spacing--50);padding-left:var(--wp--preset--spacing--50)\">\n<div class=\"wp-block-columns alignwide is-layout-flex wp-container-core-columns-is-layout-1da03c2a wp-block-columns-is-layout-flex\">\n<div class=\"wp-block-column is-vertically-aligned-stretch is-layout-flow wp-block-column-is-layout-flow\" style=\"flex-basis:50%\">\n<div class=\"wp-block-group is-vertical is-content-justification-stretch is-layout-flex wp-container-core-group-is-layout-444d5ee8 wp-block-group-is-layout-flex\" style=\"min-height:100%\">\n<p class=\"has-heading-font-family has-x-large-font-size\" style=\"line-height:1.2\">MTC INWESTYCJE SP\u00d3\u0141KA Z OGRANICZON\u0104 ODPOWIEDZIALNO\u015aCI\u0104 SP\u00d3\u0141KA KOMANDYTOWO-AKCYJNA<\/p>\n\n\n\n<p>ul. Dojlidy Fabryczne 24<\/p>\n\n\n\n<p>15-566 Bia\u0142ystok<\/p>\n\n\n\n<p>NIP 9662055111<\/p>\n\n\n\n<p>Regon 200411620<br>Dane kontaktowe:<\/p>\n\n\n\n<p>tel. +48&nbsp;601&nbsp;301&nbsp;972<\/p>\n\n\n\n<p>e-mail <strong><a href=\"mailto:biuro@mtcinwestycje.pl\">biuro@mtcinwestycje.pl<\/a><\/strong><\/p>\n\n\n\n<p><\/p>\n\n\n\n<p class=\"has-heading-font-family has-x-large-font-size\" style=\"line-height:1.2\">S\u0105d Rejonowy w Bia\u0142ymstoku<br>XII Wydzia\u0142 Gospodarczy<br>KRS 0000452051 <\/p>\n\n\n\n<p class=\"has-heading-font-family has-x-large-font-size\" style=\"line-height:1.2\">Kapita\u0142 zak\u0142adowy 50.000,00z\u0142 wp\u0142acony w ca\u0142o\u015bci.<\/p>\n<\/div>\n<\/div>\n\n\n\n<div class=\"wp-block-column is-vertically-aligned-center is-layout-flow wp-block-column-is-layout-flow\" style=\"flex-basis:50%\">\n<figure class=\"wp-block-image size-large is-style-rounded is-style-rounded--1\"><img decoding=\"async\" src=\"http:\/\/mtcinwestycje.pl\/wp-content\/themes\/twentytwentyfour\/assets\/images\/museum.webp\" alt=\"Rampa wzd\u0142u\u017c zakrzywionej \u015bciany w muzeum Kiasma, Helsinki, Finlandia\" style=\"aspect-ratio:3\/4;object-fit:cover\"\/><\/figure>\n<\/div>\n<\/div>\n<\/div>\n\n\n\n<div class=\"wp-block-group alignfull has-global-padding is-layout-constrained wp-container-core-group-is-layout-669513ed wp-block-group-is-layout-constrained\" style=\"margin-top:0;margin-bottom:0;padding-top:var(--wp--preset--spacing--50);padding-right:var(--wp--preset--spacing--50);padding-bottom:var(--wp--preset--spacing--50);padding-left:var(--wp--preset--spacing--50)\"><\/div>\n","protected":false},"excerpt":{"rendered":"<p>MTC INWESTYCJE SP\u00d3\u0141KA Z OGRANICZON\u0104 ODPOWIEDZIALNO\u015aCI\u0104 SP\u00d3\u0141KA KOMANDYTOWO-AKCYJNA ul. Dojlidy Fabryczne 24 15-566 Bia\u0142ystok NIP 9662055111 Regon 200411620Dane kontaktowe: tel. +48&nbsp;601&nbsp;301&nbsp;972 e-mail biuro@mtcinwestycje.pl S\u0105d Rejonowy w Bia\u0142ymstokuXII Wydzia\u0142 GospodarczyKRS 0000452051 Kapita\u0142 zak\u0142adowy 50.000,00z\u0142 wp\u0142acony w ca\u0142o\u015bci.<\/p>\n","protected":false},"author":1,"featured_media":0,"parent":0,"menu_order":0,"comment_status":"closed","ping_status":"closed","template":"","meta":{"_acf_changed":false,"footnotes":""},"class_list":["post-2","page","type-page","status-publish","hentry"],"acf":[],"_links":{"self":[{"href":"https:\/\/mtcinwestycje.pl\/index.php?rest_route=\/wp\/v2\/pages\/2","targetHints":{"allow":["GET"]}}],"collection":[{"href":"https:\/\/mtcinwestycje.pl\/index.php?rest_route=\/wp\/v2\/pages"}],"about":[{"href":"https:\/\/mtcinwestycje.pl\/index.php?rest_route=\/wp\/v2\/types\/page"}],"author":[{"embeddable":true,"href":"https:\/\/mtcinwestycje.pl\/index.php?rest_route=\/wp\/v2\/users\/1"}],"replies":[{"embeddable":true,"href":"https:\/\/mtcinwestycje.pl\/index.php?rest_route=%2Fwp%2Fv2%2Fcomments&post=2"}],"version-history":[{"count":15,"href":"https:\/\/mtcinwestycje.pl\/index.php?rest_route=\/wp\/v2\/pages\/2\/revisions"}],"predecessor-version":[{"id":50,"href":"https:\/\/mtcinwestycje.pl\/index.php?rest_route=\/wp\/v2\/pages\/2\/revisions\/50"}],"wp:attachment":[{"href":"https:\/\/mtcinwestycje.pl\/index.php?rest_route=%2Fwp%2Fv2%2Fmedia&parent=2"}],"curies":[{"name":"wp","href":"https:\/\/api.w.org\/{rel}","templated":true}]}}